{"id":2442,"date":"2019-01-31T20:27:35","date_gmt":"2019-01-31T19:27:35","guid":{"rendered":"https:\/\/functional-safety-solutions-hamburg.de\/?page_id=2442"},"modified":"2019-11-22T17:31:59","modified_gmt":"2019-11-22T16:31:59","slug":"seguridad-funcional-tutorias","status":"publish","type":"page","link":"https:\/\/functional-safety-solutions-hamburg.de\/es\/seguridad-funcional-tutorias\/","title":{"rendered":"Tutor\u00edas"},"content":{"rendered":"<p>[et_pb_section bb_built=\u00bb1&#8243; module_id=\u00bbmentoring\u00bb _builder_version=\u00bb3.19.1&#8243; custom_margin=\u00bb||\u00bb custom_padding=\u00bb53px|0px|54px|0px|false|false\u00bb inner_width=\u00bbauto\u00bb inner_max_width=\u00bb1080px\u00bb next_background_color=\u00bbrgba(0,0,0,0.9)\u00bb][et_pb_row custom_padding=\u00bb27px||0||false|true\u00bb custom_padding_tablet=\u00bb|0px||0px\u00bb custom_padding_phone=\u00bb|0px||0px\u00bb custom_margin=\u00bb||\u00bb custom_padding_last_edited=\u00bbon|desktop\u00bb _builder_version=\u00bb3.19.1&#8243; width=\u00bb80%\u00bb max_width=\u00bb1080px\u00bb][et_pb_column type=\u00bb4_4&#8243; _builder_version=\u00bb3.0.47&#8243; custom_padding__hover=\u00bb|||\u00bb custom_padding=\u00bb|||\u00bb][et_pb_text admin_label=\u00bbDokumentation\u00bb _builder_version=\u00bb3.19.8&#8243; text_font=\u00bbShare Tech||||||||\u00bb text_text_color=\u00bbrgba(0,0,0,0.02)\u00bb text_font_size=\u00bb100px\u00bb text_font_size_tablet=\u00bb80px\u00bb text_font_size_phone=\u00bb60px\u00bb text_font_size_last_edited=\u00bbon|desktop\u00bb text_line_height=\u00bb0.2em\u00bb header_font=\u00bb|||||on|||\u00bb header_font_size=\u00bb60px\u00bb header_font_size_tablet=\u00bb50px\u00bb header_font_size_phone=\u00bb40px\u00bb header_font_size_last_edited=\u00bbon|phone\u00bb header_2_font=\u00bbShare Tech||||||||\u00bb header_2_font_size=\u00bb48px\u00bb header_2_font_size_phone=\u00bb36px\u00bb header_2_font_size_last_edited=\u00bbon|phone\u00bb header_2_line_height=\u00bb1.4em\u00bb text_orientation=\u00bbcenter\u00bb custom_margin=\u00bb||30px||false\u00bb custom_margin_tablet=\u00bb||10px|\u00bb custom_margin_last_edited=\u00bbon|phone\u00bb]<\/p>\n<p>Capitaci\u00f3n<\/p>\n<h1>Tutor\u00edas<\/h1>\n<p>[\/et_pb_text][et_pb_text _builder_version=\u00bb3.19.8&#8243; text_font=\u00bbShare Tech||||||||\u00bb text_font_size=\u00bb20px\u00bb text_font_size_tablet=\u00bb18px\u00bb text_font_size_phone=\u00bb16px\u00bb text_font_size_last_edited=\u00bbon|phone\u00bb text_orientation=\u00bbleft\u00bb]<\/p>\n<p>Ofrecemos paquetes de tutor\u00edas para nuevos empleados en el \u00e1mbito de la seguridad funcional. A su empleado se le asigna un referente para las consultas diarias sobre la seguridad funcional. Despu\u00e9s de una capacitaci\u00f3n de un d\u00eda, se acuerda un periodo fijo para continuar con la asistencia.<\/p>\n<p>[\/et_pb_text][et_pb_text _builder_version=\u00bb3.19.8&#8243; custom_margin=\u00bb||40px\u00bb custom_margin_phone=\u00bb|||0px\u00bb custom_margin_last_edited=\u00bbon|desktop\u00bb custom_padding=\u00bb0px|0px||0px\u00bb text_orientation=\u00bbleft\u00bb]<\/p>\n<p>En la formaci\u00f3n acad\u00e9mica cl\u00e1sica, la seguridad funcional se ense\u00f1a poco.<\/p>\n<p>\u00bfConstrucci\u00f3n de veh\u00edculos y FuSi? Ning\u00fan punto esencial, \u00bfpero su empleado debe implementar \u201cFuSi\u201d ocho horas diarias en el pr\u00f3ximo proyecto?<\/p>\n<p>Enc\u00e1rguese de la inducci\u00f3n especialmente de j\u00f3venes ingenieros con una formaci\u00f3n en hardware o software en a la actividad como gerentes de seguridad funcional con nuestra asistencia y gu\u00eda.<\/p>\n<p>Adem\u00e1s del concepto t\u00e9cnico de seguridad, ser un gerente FuSi significa tambi\u00e9n poder decir \u201cno\u201d e interpretar los requisitos de las diferentes normas con dominio de negociaci\u00f3n. Y esto tanto frente al cliente como tambi\u00e9n en forma interna para con el desarrollo y la gesti\u00f3n.<\/p>\n<p>Con nosotros, su futuro gerente FuSi recibir\u00e1 una formaci\u00f3n b\u00e1sica normativa, porque por lo general en las empresas m\u00e1s peque\u00f1as no existe ning\u00fan otro empleado que realice un intercambio regular o que converse sobre las situaciones cr\u00edticas. Nuestra tutor\u00eda facilitar\u00e1 a sus empleados el acceso a ISO 26262 con m\u00e9todos de eficacia comprobada en la pr\u00e1ctica.<\/p>\n<p>Seg\u00fan nuestra experiencia, se requieren 12 meses para conocer bien la norma e implementarla en la pr\u00e1ctica diaria con mayor seguridad.<\/p>\n<p>[\/et_pb_text][\/et_pb_column][\/et_pb_row][et_pb_row use_custom_width=\u00bbon\u00bb width_unit=\u00bboff\u00bb custom_width_percent=\u00bb95%\u00bb custom_padding=\u00bb24px|0px|27px|0px|false|false\u00bb custom_padding_phone=\u00bb|||\u00bb custom_padding_last_edited=\u00bbon|phone\u00bb _builder_version=\u00bb3.17.6&#8243; custom_margin_last_edited=\u00bboff|desktop\u00bb width=\u00bb95%\u00bb max_width=\u00bb95%\u00bb][et_pb_column type=\u00bb1_2&#8243; _builder_version=\u00bb3.0.47&#8243; custom_padding__hover=\u00bb|||\u00bb custom_padding=\u00bb|0px||0px\u00bb][et_pb_cta admin_label=\u00bbBasis-Paket ISO 26262\/IEC 61508&#8243; title=\u00bbPaquete b\u00e1sico ISO 26262 \/ IEC 61508&#8243; button_url=\u00bbmailto:buero@functional-safety-solutions-hamburg.com\u00bb button_text=\u00bbEnviar consulta\u00bb _builder_version=\u00bb3.20.1&#8243; header_level=\u00bbh3&#8243; header_font=\u00bbShare Tech|||||on|||\u00bb header_font_size=\u00bb24px\u00bb header_line_height=\u00bb1.7em\u00bb box_shadow_style=\u00bbpreset1&#8243; max_width=\u00bb55%\u00bb max_width_last_edited=\u00bbon|phone\u00bb module_alignment=\u00bbright\u00bb custom_padding=\u00bb20px|20px|20px|20px|true|true\u00bb]<\/p>\n<p style=\"text-align: left;\">Usted o su empleado disponen de un referente durante 6 meses. El requisito es realizar una capacitaci\u00f3n de un d\u00eda sobre la norma.<\/p>\n<p style=\"text-align: left;\">Se acuerda una carga horaria fija y <strong>un<\/strong> d\u00eda por semana se conversan y se aclaran las preguntas de la actividad cotidiana.<\/p>\n<p style=\"text-align: center;\">Costos: 3.500 \u20ac m\u00e1s IVA por mes y empleado<\/p>\n<p>[\/et_pb_cta][\/et_pb_column][et_pb_column type=\u00bb1_2&#8243; _builder_version=\u00bb3.0.47&#8243; custom_padding__hover=\u00bb|||\u00bb custom_padding=\u00bb|0px||0px\u00bb][et_pb_cta admin_label=\u00bbFachbereich-Paket ISO 26262\/IEC 61508&#8243; title=\u00bbPaquete especializado ISO 26262 \/ IEC 61508&#8243; button_url=\u00bbmailto:buero@functional-safety-solutions-hamburg.com\u00bb button_text=\u00bbEnviar consulta\u00bb _builder_version=\u00bb3.20.1&#8243; header_level=\u00bbh3&#8243; header_font=\u00bbShare Tech|||||on|||\u00bb header_font_size=\u00bb24px\u00bb header_line_height=\u00bb1.7em\u00bb background_color=\u00bbrgba(0,0,0,0.9)\u00bb box_shadow_style=\u00bbpreset1&#8243; max_width=\u00bb55%\u00bb max_width_tablet=\u00bb100%\u00bb max_width_last_edited=\u00bbon|phone\u00bb module_alignment=\u00bbleft\u00bb custom_padding=\u00bb20px|20px|20px|20px|true|true\u00bb]<\/p>\n<p style=\"text-align: left;\">Usted o su empleado disponen de un referente durante 6 meses. El requisito es realizar una capacitaci\u00f3n de un d\u00eda sobre la norma.<\/p>\n<p style=\"text-align: left;\">Se acuerda una carga horaria fija y <strong>dos<\/strong> d\u00edas por semana se conversan y se aclaran las preguntas de la actividad cotidiana.<\/p>\n<p style=\"text-align: center;\">Costos: 4.500 \u20ac m\u00e1s IVA por mes y empleado<\/p>\n<p>[\/et_pb_cta][\/et_pb_column][\/et_pb_row][\/et_pb_section][et_pb_section bb_built=\u00bb1&#8243; _builder_version=\u00bb3.20.1&#8243; background_color=\u00bbrgba(0,0,0,0.9)\u00bb custom_padding=\u00bb14px|0px|0|0px|false|false\u00bb saved_tabs=\u00bball\u00bb _i=\u00bb2&#8243; _address=\u00bb2&#8243; prev_background_color=\u00bb#ffffff\u00bb inner_width=\u00bbauto\u00bb inner_max_width=\u00bb1080px\u00bb global_module=\u00bb2732&#8243;][et_pb_row global_parent=\u00bb2732&#8243; _builder_version=\u00bb3.25&#8243; max_width=\u00bb80%\u00bb custom_padding=\u00bb|0px|0|0px|false|false\u00bb use_custom_width=\u00bbon\u00bb width_unit=\u00bboff\u00bb _i=\u00bb0&#8243; _address=\u00bb2.0&#8243; column_structure=\u00bb1_4,1_4,1_4,1_4&#8243;][et_pb_column type=\u00bb1_4&#8243; global_parent=\u00bb2732&#8243; _builder_version=\u00bb3.0.47&#8243; custom_padding=\u00bb|||\u00bb custom_padding__hover=\u00bb|||\u00bb _i=\u00bb0&#8243; _address=\u00bb2.0.0&#8243;][et_pb_blurb global_parent=\u00bb2732&#8243; title=\u00bbFSS\u00bb use_icon=\u00bbon\u00bb font_icon=\u00bb%%249%%\u00bb use_circle=\u00bbon\u00bb circle_color=\u00bb#ffffff\u00bb icon_placement=\u00bbleft\u00bb content_max_width=\u00bb1100px\u00bb use_icon_font_size=\u00bbon\u00bb icon_font_size=\u00bb20px\u00bb icon_font_size_last_edited=\u00bbon|phone\u00bb _builder_version=\u00bb3.19.8&#8243; header_level=\u00bbh1&#8243; header_font=\u00bbShare Tech|||||on|||\u00bb header_font_size=\u00bb20px\u00bb header_line_height=\u00bb1.2em\u00bb body_font=\u00bbOpen Sans||||||||\u00bb body_font_size=\u00bb12px\u00bb body_line_height=\u00bb1.8em\u00bb background_layout=\u00bbdark\u00bb custom_margin=\u00bb||\u00bb custom_margin_tablet=\u00bb0%||\u00bb custom_margin_last_edited=\u00bbon|desktop\u00bb custom_padding=\u00bb||||true|true\u00bb custom_padding_phone=\u00bb10px||10px||true\u00bb custom_padding_last_edited=\u00bbon|desktop\u00bb animation_style=\u00bbfold\u00bb animation_delay=\u00bb150ms\u00bb animation=\u00bboff\u00bb header_font_size_last_edited=\u00bbon|desktop\u00bb body_font_size_last_edited=\u00bbon|desktop\u00bb locked=\u00bboff\u00bb _i=\u00bb0&#8243; _address=\u00bb2.0.0.0&#8243;]<\/p>\n<p>Functional Safety Solutions Hamburg GmbH<\/p>\n<p>Georg-Clasen-Weg 16b<br \/>22415 Hamburg<br \/>Alemania<\/p>\n<\/p>\n<p>[\/et_pb_blurb][et_pb_blurb global_parent=\u00bb2732&#8243; title=\u00bbSalas de formaci\u00f3n\u00bb use_icon=\u00bbon\u00bb font_icon=\u00bb%%249%%\u00bb use_circle=\u00bbon\u00bb circle_color=\u00bb#ffffff\u00bb icon_placement=\u00bbleft\u00bb content_max_width=\u00bb1100px\u00bb use_icon_font_size=\u00bbon\u00bb icon_font_size=\u00bb20px\u00bb icon_font_size_last_edited=\u00bbon|phone\u00bb _builder_version=\u00bb3.19.8&#8243; header_level=\u00bbh1&#8243; header_font=\u00bbShare Tech|||||on|||\u00bb header_font_size=\u00bb20px\u00bb header_line_height=\u00bb1.2em\u00bb body_font=\u00bbOpen Sans||||||||\u00bb body_font_size=\u00bb12px\u00bb body_line_height=\u00bb1.8em\u00bb background_layout=\u00bbdark\u00bb max_width=\u00bb95%\u00bb max_width_last_edited=\u00bbon|desktop\u00bb custom_margin=\u00bb||\u00bb custom_margin_tablet=\u00bb0%||\u00bb custom_margin_last_edited=\u00bbon|desktop\u00bb custom_padding=\u00bb||||true|true\u00bb custom_padding_phone=\u00bb10px||10px||true\u00bb custom_padding_last_edited=\u00bbon|desktop\u00bb animation_style=\u00bbfold\u00bb animation_delay=\u00bb150ms\u00bb animation=\u00bboff\u00bb header_font_size_last_edited=\u00bbon|desktop\u00bb body_font_size_last_edited=\u00bbon|desktop\u00bb locked=\u00bboff\u00bb _i=\u00bb1&#8243; _address=\u00bb2.0.0.1&#8243;]<\/p>\n<p>FreiR\u00e4ume<\/p>\n<p>Gro\u00dfe Elbstra\u00dfe 38<br \/>22767 Hamburg<br \/>Alemania<\/p>\n<\/p>\n<p>[\/et_pb_blurb][\/et_pb_column][et_pb_column type=\u00bb1_4&#8243; global_parent=\u00bb2732&#8243; _builder_version=\u00bb3.0.47&#8243; custom_padding=\u00bb|||\u00bb custom_padding__hover=\u00bb|||\u00bb _i=\u00bb1&#8243; _address=\u00bb2.0.1&#8243;][et_pb_blurb global_parent=\u00bb2732&#8243; title=\u00bbE-Mail\u00bb use_icon=\u00bbon\u00bb font_icon=\u00bb%%238%%\u00bb use_circle=\u00bbon\u00bb circle_color=\u00bb#ffffff\u00bb icon_placement=\u00bbleft\u00bb use_icon_font_size=\u00bbon\u00bb icon_font_size=\u00bb20px\u00bb _builder_version=\u00bb3.19.8&#8243; header_level=\u00bbh2&#8243; header_font=\u00bbShare Tech|||||on|||\u00bb header_text_align=\u00bbleft\u00bb header_font_size=\u00bb20px\u00bb header_line_height=\u00bb1.2em\u00bb body_font=\u00bbOpen Sans||||||||\u00bb body_text_align=\u00bbleft\u00bb body_font_size=\u00bb12px\u00bb body_line_height=\u00bb1.8em\u00bb background_layout=\u00bbdark\u00bb custom_padding=\u00bb|||||true\u00bb animation_style=\u00bbfold\u00bb animation_delay=\u00bb150ms\u00bb animation=\u00bboff\u00bb body_font_size_last_edited=\u00bbon|phone\u00bb locked=\u00bboff\u00bb _i=\u00bb0&#8243; _address=\u00bb2.0.1.0&#8243;]<\/p>\n<p><span style=\"color: #ffffff;\"><a href=\"mailto:buero@functional-safety-solutions-hamburg.com\" style=\"color: #ffffff;\">buero@functional-safety-solutions-hamburg.com<\/a><\/span><\/p>\n<p>[\/et_pb_blurb][et_pb_blurb global_parent=\u00bb2732&#8243; title=\u00bbCall Us\u00bb use_icon=\u00bbon\u00bb font_icon=\u00bb%%264%%\u00bb use_circle=\u00bbon\u00bb circle_color=\u00bb#ffffff\u00bb icon_placement=\u00bbleft\u00bb use_icon_font_size=\u00bbon\u00bb icon_font_size=\u00bb20px\u00bb disabled_on=\u00bbon|on|on\u00bb _builder_version=\u00bb3.20.1&#8243; header_level=\u00bbh2&#8243; header_font=\u00bbShare Tech|||||on|||\u00bb header_text_align=\u00bbleft\u00bb header_font_size=\u00bb20px\u00bb header_line_height=\u00bb1.2em\u00bb body_font=\u00bbOpen Sans||||||||\u00bb body_text_align=\u00bbleft\u00bb body_font_size=\u00bb12px\u00bb body_line_height=\u00bb1.8em\u00bb background_layout=\u00bbdark\u00bb custom_padding=\u00bb|||||true\u00bb animation_style=\u00bbfold\u00bb animation_delay=\u00bb150ms\u00bb animation=\u00bboff\u00bb disabled=\u00bbon\u00bb locked=\u00bboff\u00bb _i=\u00bb1&#8243; _address=\u00bb2.0.1.1&#8243;]<\/p>\n<p><span style=\"color: #ffffff;\"><a style=\"color: #ffffff;\" href=\"tel:+494053050652\">+49 (0)40 530 506 52<\/a><\/span><\/p>\n<p>Lun &amp; Mi\u00e9rc: 9:30 &#8211; 12:30 Uhr<\/p>\n<p>[\/et_pb_blurb][\/et_pb_column][et_pb_column type=\u00bb1_4&#8243; global_parent=\u00bb2732&#8243; _builder_version=\u00bb3.0.47&#8243; custom_padding=\u00bb|||\u00bb custom_padding__hover=\u00bb|||\u00bb _i=\u00bb2&#8243; _address=\u00bb2.0.2&#8243;][et_pb_text global_parent=\u00bb2732&#8243; _builder_version=\u00bb3.27.4&#8243; header_font=\u00bbShare Tech|||||on|||\u00bb header_font_size=\u00bb20px\u00bb background_layout=\u00bbdark\u00bb header_font_size_last_edited=\u00bbon|phone\u00bb _i=\u00bb0&#8243; _address=\u00bb2.0.2.0&#8243;]<\/p>\n<h1>Men\u00fa<\/h1>\n<\/p>\n<p>[\/et_pb_text][et_pb_sidebar global_parent=\u00bb2732&#8243; area=\u00bbet_pb_widget_area_2&#8243; show_border=\u00bboff\u00bb _builder_version=\u00bb3.17.6&#8243; header_font=\u00bb||||||||\u00bb body_font=\u00bb||||||||\u00bb body_font_size=\u00bb12px\u00bb background_layout=\u00bbdark\u00bb custom_margin=\u00bb-40px||\u00bb custom_padding=\u00bb||\u00bb custom_css_main_element=\u00bb{padding-bottom: 0em} \u00bb _i=\u00bb1&#8243; _address=\u00bb2.0.2.1&#8243; \/][\/et_pb_column][et_pb_column type=\u00bb1_4&#8243; global_parent=\u00bb2732&#8243; _builder_version=\u00bb3.0.47&#8243; custom_padding=\u00bb|||0px\u00bb custom_padding__hover=\u00bb|||\u00bb _i=\u00bb3&#8243; _address=\u00bb2.0.3&#8243;][et_pb_sidebar global_parent=\u00bb2732&#8243; area=\u00bbet_pb_widget_area_9&#8243; show_border=\u00bboff\u00bb _builder_version=\u00bb3.19.8&#8243; header_font=\u00bbOpen Sans|600|||||||\u00bb header_text_align=\u00bbleft\u00bb header_text_color=\u00bb#ffffff\u00bb header_font_size=\u00bb15px\u00bb body_text_align=\u00bbleft\u00bb body_text_color=\u00bb#ffffff\u00bb body_font_size=\u00bb12px\u00bb text_orientation=\u00bbleft\u00bb background_layout=\u00bbdark\u00bb custom_margin=\u00bb||\u00bb custom_margin_tablet=\u00bb||0px\u00bb custom_margin_last_edited=\u00bbon|desktop\u00bb custom_padding=\u00bb|0px|0px|0px|false|true\u00bb header_font_size_phone=\u00bb14px\u00bb header_font_size_last_edited=\u00bbon|desktop\u00bb _i=\u00bb0&#8243; _address=\u00bb2.0.3.0&#8243; \/][\/et_pb_column][\/et_pb_row][\/et_pb_section]<\/p>\n","protected":false},"excerpt":{"rendered":"<p>Capitaci\u00f3nTutor\u00edas Ofrecemos paquetes de tutor\u00edas para nuevos empleados en el \u00e1mbito de la seguridad funcional. A su empleado se le asigna un referente para las consultas diarias sobre la seguridad funcional. Despu\u00e9s de una capacitaci\u00f3n de un d\u00eda, se acuerda un periodo fijo para continuar con la asistencia. En la formaci\u00f3n acad\u00e9mica cl\u00e1sica, la seguridad [&hellip;]<\/p>\n","protected":false},"author":1,"featured_media":0,"parent":0,"menu_order":0,"comment_status":"closed","ping_status":"closed","template":"","meta":{"_et_pb_use_builder":"on","_et_pb_old_content":"","_et_gb_content_width":"","_locale":"es_ES","_original_post":"1865","footnotes":""},"class_list":["post-2442","page","type-page","status-publish","hentry","es-ES"],"acf":[],"_links":{"self":[{"href":"https:\/\/functional-safety-solutions-hamburg.de\/wp-json\/wp\/v2\/pages\/2442","targetHints":{"allow":["GET"]}}],"collection":[{"href":"https:\/\/functional-safety-solutions-hamburg.de\/wp-json\/wp\/v2\/pages"}],"about":[{"href":"https:\/\/functional-safety-solutions-hamburg.de\/wp-json\/wp\/v2\/types\/page"}],"author":[{"embeddable":true,"href":"https:\/\/functional-safety-solutions-hamburg.de\/wp-json\/wp\/v2\/users\/1"}],"replies":[{"embeddable":true,"href":"https:\/\/functional-safety-solutions-hamburg.de\/wp-json\/wp\/v2\/comments?post=2442"}],"version-history":[{"count":7,"href":"https:\/\/functional-safety-solutions-hamburg.de\/wp-json\/wp\/v2\/pages\/2442\/revisions"}],"predecessor-version":[{"id":2898,"href":"https:\/\/functional-safety-solutions-hamburg.de\/wp-json\/wp\/v2\/pages\/2442\/revisions\/2898"}],"wp:attachment":[{"href":"https:\/\/functional-safety-solutions-hamburg.de\/wp-json\/wp\/v2\/media?parent=2442"}],"curies":[{"name":"wp","href":"https:\/\/api.w.org\/{rel}","templated":true}]}}