{"id":2438,"date":"2019-01-31T20:33:15","date_gmt":"2019-01-31T19:33:15","guid":{"rendered":"https:\/\/functional-safety-solutions-hamburg.de\/?page_id=2438"},"modified":"2019-11-22T18:21:26","modified_gmt":"2019-11-22T17:21:26","slug":"seguridad-funcional-documentacion","status":"publish","type":"page","link":"https:\/\/functional-safety-solutions-hamburg.de\/es\/seguridad-funcional-documentacion\/","title":{"rendered":"Documentaci\u00f3n"},"content":{"rendered":"<p>[et_pb_section bb_built=\u00bb1&#8243; custom_padding_last_edited=\u00bbon|desktop\u00bb _builder_version=\u00bb3.18.1&#8243; custom_margin=\u00bb||\u00bb custom_padding=\u00bb80px|0px|70px|0px|false|false\u00bb custom_padding_tablet=\u00bb|||\u00bb custom_padding_phone=\u00bb|||\u00bb custom_css_before=\u00bb||\u00bb custom_css_main_element=\u00bbmin-height: 100vh;\u00bb inner_width=\u00bbauto\u00bb inner_max_width=\u00bb1080px\u00bb next_background_color=\u00bbrgba(0,0,0,0.9)\u00bb][et_pb_row custom_padding=\u00bb0px|0px|0|0px|false|false\u00bb custom_margin=\u00bb5vw||||false\u00bb _builder_version=\u00bb3.18.1&#8243; custom_margin_tablet=\u00bb0vh|||\u00bb custom_margin_phone=\u00bb0px|||\u00bb custom_margin_last_edited=\u00bbon|desktop\u00bb width=\u00bb80%\u00bb max_width=\u00bb1080px\u00bb][et_pb_column type=\u00bb4_4&#8243; _builder_version=\u00bb3.0.47&#8243; custom_padding__hover=\u00bb|||\u00bb custom_padding=\u00bb|||\u00bb][et_pb_text admin_label=\u00bbDokumentation\u00bb _builder_version=\u00bb4.0.6&#8243; text_font=\u00bbShare Tech||||||||\u00bb text_text_color=\u00bbrgba(0,0,0,0.02)\u00bb text_font_size=\u00bb100px\u00bb text_font_size_tablet=\u00bb80px\u00bb text_font_size_phone=\u00bb60px\u00bb text_font_size_last_edited=\u00bbon|desktop\u00bb text_line_height=\u00bb0.2em\u00bb header_font=\u00bb|||||on|||\u00bb header_font_size=\u00bb60px\u00bb header_font_size_tablet=\u00bb50px\u00bb header_font_size_phone=\u00bb40px\u00bb header_font_size_last_edited=\u00bbon|phone\u00bb header_2_font=\u00bbShare Tech||||||||\u00bb header_2_font_size=\u00bb48px\u00bb header_2_font_size_phone=\u00bb36px\u00bb header_2_font_size_last_edited=\u00bbon|phone\u00bb header_2_line_height=\u00bb1.4em\u00bb text_orientation=\u00bbcenter\u00bb custom_margin=\u00bb||||false\u00bb custom_margin_tablet=\u00bb|||\u00bb custom_margin_last_edited=\u00bbon|phone\u00bb]<\/p>\n<p>Capacitaci\u00f3n<\/p>\n<h1>Documentaci\u00f3n<\/h1>\n<p>[\/et_pb_text][et_pb_text _builder_version=\u00bb4.0.6&#8243; text_font=\u00bbShare Tech||||||||\u00bb text_font_size=\u00bb20px\u00bb text_font_size_tablet=\u00bb18px\u00bb text_font_size_phone=\u00bb16px\u00bb text_font_size_last_edited=\u00bbon|phone\u00bb custom_padding=\u00bb|||||true\u00bb text_text_shadow_horizontal_length=\u00bbtext_text_shadow_style,%91object Object%93&#8243; text_text_shadow_horizontal_length_tablet=\u00bb0px\u00bb text_text_shadow_vertical_length=\u00bbtext_text_shadow_style,%91object Object%93&#8243; text_text_shadow_vertical_length_tablet=\u00bb0px\u00bb text_text_shadow_blur_strength=\u00bbtext_text_shadow_style,%91object Object%93&#8243; text_text_shadow_blur_strength_tablet=\u00bb1px\u00bb link_text_shadow_horizontal_length=\u00bblink_text_shadow_style,%91object Object%93&#8243; link_text_shadow_horizontal_length_tablet=\u00bb0px\u00bb link_text_shadow_vertical_length=\u00bblink_text_shadow_style,%91object Object%93&#8243; link_text_shadow_vertical_length_tablet=\u00bb0px\u00bb link_text_shadow_blur_strength=\u00bblink_text_shadow_style,%91object Object%93&#8243; link_text_shadow_blur_strength_tablet=\u00bb1px\u00bb ul_text_shadow_horizontal_length=\u00bbul_text_shadow_style,%91object Object%93&#8243; ul_text_shadow_horizontal_length_tablet=\u00bb0px\u00bb ul_text_shadow_vertical_length=\u00bbul_text_shadow_style,%91object Object%93&#8243; ul_text_shadow_vertical_length_tablet=\u00bb0px\u00bb ul_text_shadow_blur_strength=\u00bbul_text_shadow_style,%91object Object%93&#8243; ul_text_shadow_blur_strength_tablet=\u00bb1px\u00bb ol_text_shadow_horizontal_length=\u00bbol_text_shadow_style,%91object Object%93&#8243; ol_text_shadow_horizontal_length_tablet=\u00bb0px\u00bb ol_text_shadow_vertical_length=\u00bbol_text_shadow_style,%91object Object%93&#8243; ol_text_shadow_vertical_length_tablet=\u00bb0px\u00bb ol_text_shadow_blur_strength=\u00bbol_text_shadow_style,%91object Object%93&#8243; ol_text_shadow_blur_strength_tablet=\u00bb1px\u00bb quote_text_shadow_horizontal_length=\u00bbquote_text_shadow_style,%91object Object%93&#8243; quote_text_shadow_horizontal_length_tablet=\u00bb0px\u00bb quote_text_shadow_vertical_length=\u00bbquote_text_shadow_style,%91object Object%93&#8243; quote_text_shadow_vertical_length_tablet=\u00bb0px\u00bb quote_text_shadow_blur_strength=\u00bbquote_text_shadow_style,%91object Object%93&#8243; quote_text_shadow_blur_strength_tablet=\u00bb1px\u00bb header_text_shadow_horizontal_length=\u00bbheader_text_shadow_style,%91object Object%93&#8243; header_text_shadow_horizontal_length_tablet=\u00bb0px\u00bb header_text_shadow_vertical_length=\u00bbheader_text_shadow_style,%91object Object%93&#8243; header_text_shadow_vertical_length_tablet=\u00bb0px\u00bb header_text_shadow_blur_strength=\u00bbheader_text_shadow_style,%91object Object%93&#8243; header_text_shadow_blur_strength_tablet=\u00bb1px\u00bb header_2_text_shadow_horizontal_length=\u00bbheader_2_text_shadow_style,%91object Object%93&#8243; header_2_text_shadow_horizontal_length_tablet=\u00bb0px\u00bb header_2_text_shadow_vertical_length=\u00bbheader_2_text_shadow_style,%91object Object%93&#8243; header_2_text_shadow_vertical_length_tablet=\u00bb0px\u00bb header_2_text_shadow_blur_strength=\u00bbheader_2_text_shadow_style,%91object Object%93&#8243; header_2_text_shadow_blur_strength_tablet=\u00bb1px\u00bb header_3_text_shadow_horizontal_length=\u00bbheader_3_text_shadow_style,%91object Object%93&#8243; header_3_text_shadow_horizontal_length_tablet=\u00bb0px\u00bb header_3_text_shadow_vertical_length=\u00bbheader_3_text_shadow_style,%91object Object%93&#8243; header_3_text_shadow_vertical_length_tablet=\u00bb0px\u00bb header_3_text_shadow_blur_strength=\u00bbheader_3_text_shadow_style,%91object Object%93&#8243; header_3_text_shadow_blur_strength_tablet=\u00bb1px\u00bb header_4_text_shadow_horizontal_length=\u00bbheader_4_text_shadow_style,%91object Object%93&#8243; header_4_text_shadow_horizontal_length_tablet=\u00bb0px\u00bb header_4_text_shadow_vertical_length=\u00bbheader_4_text_shadow_style,%91object Object%93&#8243; header_4_text_shadow_vertical_length_tablet=\u00bb0px\u00bb header_4_text_shadow_blur_strength=\u00bbheader_4_text_shadow_style,%91object Object%93&#8243; header_4_text_shadow_blur_strength_tablet=\u00bb1px\u00bb header_5_text_shadow_horizontal_length=\u00bbheader_5_text_shadow_style,%91object Object%93&#8243; header_5_text_shadow_horizontal_length_tablet=\u00bb0px\u00bb header_5_text_shadow_vertical_length=\u00bbheader_5_text_shadow_style,%91object Object%93&#8243; header_5_text_shadow_vertical_length_tablet=\u00bb0px\u00bb header_5_text_shadow_blur_strength=\u00bbheader_5_text_shadow_style,%91object Object%93&#8243; header_5_text_shadow_blur_strength_tablet=\u00bb1px\u00bb header_6_text_shadow_horizontal_length=\u00bbheader_6_text_shadow_style,%91object Object%93&#8243; header_6_text_shadow_horizontal_length_tablet=\u00bb0px\u00bb header_6_text_shadow_vertical_length=\u00bbheader_6_text_shadow_style,%91object Object%93&#8243; header_6_text_shadow_vertical_length_tablet=\u00bb0px\u00bb header_6_text_shadow_blur_strength=\u00bbheader_6_text_shadow_style,%91object Object%93&#8243; header_6_text_shadow_blur_strength_tablet=\u00bb1px\u00bb box_shadow_horizontal_tablet=\u00bb0px\u00bb box_shadow_vertical_tablet=\u00bb0px\u00bb box_shadow_blur_tablet=\u00bb40px\u00bb box_shadow_spread_tablet=\u00bb0px\u00bb z_index_tablet=\u00bb500&#8243;]<\/p>\n<p>\u00bfEl Plan de seguridad (Safety Plan) como archivo Excel o Word? \u00bfNecesita un certificado de seguridad en ingl\u00e9s? \u00bfRevisiones TSC y FSM con documentos modelos? Si le falta el hilo conductor en cuanto a la documentaci\u00f3n ISO 26262, en nuestra <a href=\"https:\/\/functional-safety-solutions-hamburg.de\/es\/seguridad-funcional-capacitacion\/\">capacitaci\u00f3n<\/a> le mostraremos c\u00f3mo proceder.<\/p>\n<p>[\/et_pb_text][et_pb_text _builder_version=\u00bb4.0.6&#8243; text_font_size_tablet=\u00bb14px\u00bb text_font_size_phone=\u00bb13px\u00bb text_font_size_last_edited=\u00bbon|phone\u00bb custom_margin=\u00bb||\u00bb custom_padding=\u00bb||5px|||true\u00bb hover_enabled=\u00bb0&#8243; text_font=\u00bb||||||||\u00bb text_orientation=\u00bbleft\u00bb]<\/p>\n<p>Brindamos modelos de la documentaci\u00f3n necesaria de ISO 26262 o los elaboramos con sus empleados. Usamos listas de control para las evaluaciones y auditor\u00edas internas y para la mayor\u00eda de las normas sobre la seguridad funcional hemos preparado revisiones FSM como inspecci\u00f3n.<\/p>\n<p>Con nosotros, aprender\u00e1 a adaptar e integrar los modelos a los procesos de su empresa. Esta actividad no debe realizarse \u201cas\u00ed como as\u00ed a la par de la actividad comercial cotidiana.<\/p>\n<p>En nuestra capacitaci\u00f3n, usted mismo aprender\u00e1 a elaborar la documentaci\u00f3n. Para ello, consideramos los requisitos normativos y juntos los implementamos durante toda la capacitaci\u00f3n seg\u00fan sus necesidades.<\/p>\n<p>[\/et_pb_text][et_pb_button button_url=\u00bbmailto:buero@functional-safety-solutions-hamburg.com\u00bb button_text=\u00bbEnviar consulta\u00bb button_alignment=\u00bbcenter\u00bb _builder_version=\u00bb3.19.8&#8243; custom_margin=\u00bb70px||\u00bb custom_margin_tablet=\u00bb50px||\u00bb custom_margin_phone=\u00bb20px|||\u00bb custom_margin_last_edited=\u00bbon|tablet\u00bb custom_padding=\u00bb||\u00bb]<\/p>\n<p>[\/et_pb_button][\/et_pb_column][\/et_pb_row][\/et_pb_section][et_pb_section bb_built=\u00bb1&#8243; _builder_version=\u00bb3.20.1&#8243; background_color=\u00bbrgba(0,0,0,0.9)\u00bb custom_padding=\u00bb14px|0px|0|0px|false|false\u00bb saved_tabs=\u00bball\u00bb _i=\u00bb2&#8243; _address=\u00bb2&#8243; prev_background_color=\u00bb#ffffff\u00bb inner_width=\u00bbauto\u00bb inner_max_width=\u00bb1080px\u00bb global_module=\u00bb2732&#8243;][et_pb_row global_parent=\u00bb2732&#8243; _builder_version=\u00bb3.25&#8243; max_width=\u00bb80%\u00bb custom_padding=\u00bb|0px|0|0px|false|false\u00bb use_custom_width=\u00bbon\u00bb width_unit=\u00bboff\u00bb _i=\u00bb0&#8243; _address=\u00bb2.0&#8243; column_structure=\u00bb1_4,1_4,1_4,1_4&#8243;][et_pb_column type=\u00bb1_4&#8243; global_parent=\u00bb2732&#8243; _builder_version=\u00bb3.0.47&#8243; custom_padding=\u00bb|||\u00bb custom_padding__hover=\u00bb|||\u00bb _i=\u00bb0&#8243; _address=\u00bb2.0.0&#8243;][et_pb_blurb global_parent=\u00bb2732&#8243; title=\u00bbFSS\u00bb use_icon=\u00bbon\u00bb font_icon=\u00bb%%249%%\u00bb use_circle=\u00bbon\u00bb circle_color=\u00bb#ffffff\u00bb icon_placement=\u00bbleft\u00bb content_max_width=\u00bb1100px\u00bb use_icon_font_size=\u00bbon\u00bb icon_font_size=\u00bb20px\u00bb icon_font_size_last_edited=\u00bbon|phone\u00bb _builder_version=\u00bb3.19.8&#8243; header_level=\u00bbh1&#8243; header_font=\u00bbShare Tech|||||on|||\u00bb header_font_size=\u00bb20px\u00bb header_line_height=\u00bb1.2em\u00bb body_font=\u00bbOpen Sans||||||||\u00bb body_font_size=\u00bb12px\u00bb body_line_height=\u00bb1.8em\u00bb background_layout=\u00bbdark\u00bb custom_margin=\u00bb||\u00bb custom_margin_tablet=\u00bb0%||\u00bb custom_margin_last_edited=\u00bbon|desktop\u00bb custom_padding=\u00bb||||true|true\u00bb custom_padding_phone=\u00bb10px||10px||true\u00bb custom_padding_last_edited=\u00bbon|desktop\u00bb animation_style=\u00bbfold\u00bb animation_delay=\u00bb150ms\u00bb animation=\u00bboff\u00bb header_font_size_last_edited=\u00bbon|desktop\u00bb body_font_size_last_edited=\u00bbon|desktop\u00bb locked=\u00bboff\u00bb _i=\u00bb0&#8243; _address=\u00bb2.0.0.0&#8243;]<\/p>\n<p>Functional Safety Solutions Hamburg GmbH<\/p>\n<p>Georg-Clasen-Weg 16b<br \/>22415 Hamburg<br \/>Alemania<\/p>\n<\/p>\n<p>[\/et_pb_blurb][et_pb_blurb global_parent=\u00bb2732&#8243; title=\u00bbSalas de formaci\u00f3n\u00bb use_icon=\u00bbon\u00bb font_icon=\u00bb%%249%%\u00bb use_circle=\u00bbon\u00bb circle_color=\u00bb#ffffff\u00bb icon_placement=\u00bbleft\u00bb content_max_width=\u00bb1100px\u00bb use_icon_font_size=\u00bbon\u00bb icon_font_size=\u00bb20px\u00bb icon_font_size_last_edited=\u00bbon|phone\u00bb _builder_version=\u00bb3.19.8&#8243; header_level=\u00bbh1&#8243; header_font=\u00bbShare Tech|||||on|||\u00bb header_font_size=\u00bb20px\u00bb header_line_height=\u00bb1.2em\u00bb body_font=\u00bbOpen Sans||||||||\u00bb body_font_size=\u00bb12px\u00bb body_line_height=\u00bb1.8em\u00bb background_layout=\u00bbdark\u00bb max_width=\u00bb95%\u00bb max_width_last_edited=\u00bbon|desktop\u00bb custom_margin=\u00bb||\u00bb custom_margin_tablet=\u00bb0%||\u00bb custom_margin_last_edited=\u00bbon|desktop\u00bb custom_padding=\u00bb||||true|true\u00bb custom_padding_phone=\u00bb10px||10px||true\u00bb custom_padding_last_edited=\u00bbon|desktop\u00bb animation_style=\u00bbfold\u00bb animation_delay=\u00bb150ms\u00bb animation=\u00bboff\u00bb header_font_size_last_edited=\u00bbon|desktop\u00bb body_font_size_last_edited=\u00bbon|desktop\u00bb locked=\u00bboff\u00bb _i=\u00bb1&#8243; _address=\u00bb2.0.0.1&#8243;]<\/p>\n<p>FreiR\u00e4ume<\/p>\n<p>Gro\u00dfe Elbstra\u00dfe 38<br \/>22767 Hamburg<br \/>Alemania<\/p>\n<\/p>\n<p>[\/et_pb_blurb][\/et_pb_column][et_pb_column type=\u00bb1_4&#8243; global_parent=\u00bb2732&#8243; _builder_version=\u00bb3.0.47&#8243; custom_padding=\u00bb|||\u00bb custom_padding__hover=\u00bb|||\u00bb _i=\u00bb1&#8243; _address=\u00bb2.0.1&#8243;][et_pb_blurb global_parent=\u00bb2732&#8243; title=\u00bbE-Mail\u00bb use_icon=\u00bbon\u00bb font_icon=\u00bb%%238%%\u00bb use_circle=\u00bbon\u00bb circle_color=\u00bb#ffffff\u00bb icon_placement=\u00bbleft\u00bb use_icon_font_size=\u00bbon\u00bb icon_font_size=\u00bb20px\u00bb _builder_version=\u00bb3.19.8&#8243; header_level=\u00bbh2&#8243; header_font=\u00bbShare Tech|||||on|||\u00bb header_text_align=\u00bbleft\u00bb header_font_size=\u00bb20px\u00bb header_line_height=\u00bb1.2em\u00bb body_font=\u00bbOpen Sans||||||||\u00bb body_text_align=\u00bbleft\u00bb body_font_size=\u00bb12px\u00bb body_line_height=\u00bb1.8em\u00bb background_layout=\u00bbdark\u00bb custom_padding=\u00bb|||||true\u00bb animation_style=\u00bbfold\u00bb animation_delay=\u00bb150ms\u00bb animation=\u00bboff\u00bb body_font_size_last_edited=\u00bbon|phone\u00bb locked=\u00bboff\u00bb _i=\u00bb0&#8243; _address=\u00bb2.0.1.0&#8243;]<\/p>\n<p><span style=\"color: #ffffff;\"><a href=\"mailto:buero@functional-safety-solutions-hamburg.com\" style=\"color: #ffffff;\">buero@functional-safety-solutions-hamburg.com<\/a><\/span><\/p>\n<p>[\/et_pb_blurb][et_pb_blurb global_parent=\u00bb2732&#8243; title=\u00bbCall Us\u00bb use_icon=\u00bbon\u00bb font_icon=\u00bb%%264%%\u00bb use_circle=\u00bbon\u00bb circle_color=\u00bb#ffffff\u00bb icon_placement=\u00bbleft\u00bb use_icon_font_size=\u00bbon\u00bb icon_font_size=\u00bb20px\u00bb disabled_on=\u00bbon|on|on\u00bb _builder_version=\u00bb3.20.1&#8243; header_level=\u00bbh2&#8243; header_font=\u00bbShare Tech|||||on|||\u00bb header_text_align=\u00bbleft\u00bb header_font_size=\u00bb20px\u00bb header_line_height=\u00bb1.2em\u00bb body_font=\u00bbOpen Sans||||||||\u00bb body_text_align=\u00bbleft\u00bb body_font_size=\u00bb12px\u00bb body_line_height=\u00bb1.8em\u00bb background_layout=\u00bbdark\u00bb custom_padding=\u00bb|||||true\u00bb animation_style=\u00bbfold\u00bb animation_delay=\u00bb150ms\u00bb animation=\u00bboff\u00bb disabled=\u00bbon\u00bb locked=\u00bboff\u00bb _i=\u00bb1&#8243; _address=\u00bb2.0.1.1&#8243;]<\/p>\n<p><span style=\"color: #ffffff;\"><a style=\"color: #ffffff;\" href=\"tel:+494053050652\">+49 (0)40 530 506 52<\/a><\/span><\/p>\n<p>Lun &amp; Mi\u00e9rc: 9:30 &#8211; 12:30 Uhr<\/p>\n<p>[\/et_pb_blurb][\/et_pb_column][et_pb_column type=\u00bb1_4&#8243; global_parent=\u00bb2732&#8243; _builder_version=\u00bb3.0.47&#8243; custom_padding=\u00bb|||\u00bb custom_padding__hover=\u00bb|||\u00bb _i=\u00bb2&#8243; _address=\u00bb2.0.2&#8243;][et_pb_text global_parent=\u00bb2732&#8243; _builder_version=\u00bb3.27.4&#8243; header_font=\u00bbShare Tech|||||on|||\u00bb header_font_size=\u00bb20px\u00bb background_layout=\u00bbdark\u00bb header_font_size_last_edited=\u00bbon|phone\u00bb _i=\u00bb0&#8243; _address=\u00bb2.0.2.0&#8243;]<\/p>\n<h1>Men\u00fa<\/h1>\n<\/p>\n<p>[\/et_pb_text][et_pb_sidebar global_parent=\u00bb2732&#8243; area=\u00bbet_pb_widget_area_2&#8243; show_border=\u00bboff\u00bb _builder_version=\u00bb3.17.6&#8243; header_font=\u00bb||||||||\u00bb body_font=\u00bb||||||||\u00bb body_font_size=\u00bb12px\u00bb background_layout=\u00bbdark\u00bb custom_margin=\u00bb-40px||\u00bb custom_padding=\u00bb||\u00bb custom_css_main_element=\u00bb{padding-bottom: 0em} \u00bb _i=\u00bb1&#8243; _address=\u00bb2.0.2.1&#8243; \/][\/et_pb_column][et_pb_column type=\u00bb1_4&#8243; global_parent=\u00bb2732&#8243; _builder_version=\u00bb3.0.47&#8243; custom_padding=\u00bb|||0px\u00bb custom_padding__hover=\u00bb|||\u00bb _i=\u00bb3&#8243; _address=\u00bb2.0.3&#8243;][et_pb_sidebar global_parent=\u00bb2732&#8243; area=\u00bbet_pb_widget_area_9&#8243; show_border=\u00bboff\u00bb _builder_version=\u00bb3.19.8&#8243; header_font=\u00bbOpen Sans|600|||||||\u00bb header_text_align=\u00bbleft\u00bb header_text_color=\u00bb#ffffff\u00bb header_font_size=\u00bb15px\u00bb body_text_align=\u00bbleft\u00bb body_text_color=\u00bb#ffffff\u00bb body_font_size=\u00bb12px\u00bb text_orientation=\u00bbleft\u00bb background_layout=\u00bbdark\u00bb custom_margin=\u00bb||\u00bb custom_margin_tablet=\u00bb||0px\u00bb custom_margin_last_edited=\u00bbon|desktop\u00bb custom_padding=\u00bb|0px|0px|0px|false|true\u00bb header_font_size_phone=\u00bb14px\u00bb header_font_size_last_edited=\u00bbon|desktop\u00bb _i=\u00bb0&#8243; _address=\u00bb2.0.3.0&#8243; \/][\/et_pb_column][\/et_pb_row][\/et_pb_section]<\/p>\n","protected":false},"excerpt":{"rendered":"<p>Capacitaci\u00f3nDocumentaci\u00f3n \u00bfEl Plan de seguridad (Safety Plan) como archivo Excel o Word? \u00bfNecesita un certificado de seguridad en ingl\u00e9s? \u00bfRevisiones TSC y FSM con documentos modelos? Si le falta el hilo conductor en cuanto a la documentaci\u00f3n ISO 26262, en nuestra capacitaci\u00f3n le mostraremos c\u00f3mo proceder. Brindamos modelos de la documentaci\u00f3n necesaria de ISO 26262 [&hellip;]<\/p>\n","protected":false},"author":1,"featured_media":0,"parent":0,"menu_order":0,"comment_status":"closed","ping_status":"closed","template":"","meta":{"_et_pb_use_builder":"on","_et_pb_old_content":"","_et_gb_content_width":"","_locale":"es_ES","_original_post":"825","footnotes":""},"class_list":["post-2438","page","type-page","status-publish","hentry","es-ES"],"acf":[],"_links":{"self":[{"href":"https:\/\/functional-safety-solutions-hamburg.de\/wp-json\/wp\/v2\/pages\/2438","targetHints":{"allow":["GET"]}}],"collection":[{"href":"https:\/\/functional-safety-solutions-hamburg.de\/wp-json\/wp\/v2\/pages"}],"about":[{"href":"https:\/\/functional-safety-solutions-hamburg.de\/wp-json\/wp\/v2\/types\/page"}],"author":[{"embeddable":true,"href":"https:\/\/functional-safety-solutions-hamburg.de\/wp-json\/wp\/v2\/users\/1"}],"replies":[{"embeddable":true,"href":"https:\/\/functional-safety-solutions-hamburg.de\/wp-json\/wp\/v2\/comments?post=2438"}],"version-history":[{"count":10,"href":"https:\/\/functional-safety-solutions-hamburg.de\/wp-json\/wp\/v2\/pages\/2438\/revisions"}],"predecessor-version":[{"id":2995,"href":"https:\/\/functional-safety-solutions-hamburg.de\/wp-json\/wp\/v2\/pages\/2438\/revisions\/2995"}],"wp:attachment":[{"href":"https:\/\/functional-safety-solutions-hamburg.de\/wp-json\/wp\/v2\/media?parent=2438"}],"curies":[{"name":"wp","href":"https:\/\/api.w.org\/{rel}","templated":true}]}}