{"id":2436,"date":"2019-01-31T20:40:23","date_gmt":"2019-01-31T19:40:23","guid":{"rendered":"https:\/\/functional-safety-solutions-hamburg.de\/?page_id=2436"},"modified":"2019-11-22T18:01:40","modified_gmt":"2019-11-22T17:01:40","slug":"seguridad-funcional-auditorias-evaluaciones","status":"publish","type":"page","link":"https:\/\/functional-safety-solutions-hamburg.de\/es\/seguridad-funcional-auditorias-evaluaciones\/","title":{"rendered":"Auditor\u00edas y evaluaciones"},"content":{"rendered":"<p>[et_pb_section bb_built=\u00bb1&#8243; _builder_version=\u00bb3.18.1&#8243; custom_margin=\u00bb||\u00bb custom_padding=\u00bb80px|0px|70px|0px|false|false\u00bb custom_css_main_element=\u00bbmin-height: 100vh;\u00bb inner_width=\u00bbauto\u00bb inner_max_width=\u00bb1080px\u00bb next_background_color=\u00bbrgba(0,0,0,0.9)\u00bb][et_pb_row custom_padding=\u00bb0px|0px|0px|0px|false|false\u00bb custom_margin=\u00bb5vw||\u00bb _builder_version=\u00bb3.18.1&#8243; custom_margin_tablet=\u00bb0vw||\u00bb custom_margin_phone=\u00bb0vw|||\u00bb custom_margin_last_edited=\u00bbon|phone\u00bb width=\u00bb80%\u00bb max_width=\u00bb1080px\u00bb][et_pb_column type=\u00bb4_4&#8243; _builder_version=\u00bb3.0.47&#8243; custom_padding__hover=\u00bb|||\u00bb custom_padding=\u00bb|||\u00bb][et_pb_text admin_label=\u00bbAudit &#8211; \u00dcberschrift\u00bb _builder_version=\u00bb3.19.8&#8243; text_font=\u00bbShare Tech||||||||\u00bb text_text_color=\u00bbrgba(0,0,0,0.02)\u00bb text_font_size=\u00bb100px\u00bb text_font_size_tablet=\u00bb80px\u00bb text_font_size_phone=\u00bb60px\u00bb text_font_size_last_edited=\u00bbon|desktop\u00bb text_line_height=\u00bb0.2em\u00bb header_font=\u00bb|||||on|||\u00bb header_font_size=\u00bb60px\u00bb header_font_size_tablet=\u00bb50px\u00bb header_font_size_phone=\u00bb40px\u00bb header_font_size_last_edited=\u00bbon|phone\u00bb header_2_font=\u00bbShare Tech||||||||\u00bb header_2_font_size=\u00bb48px\u00bb header_2_font_size_phone=\u00bb36px\u00bb header_2_font_size_last_edited=\u00bbon|phone\u00bb header_2_line_height=\u00bb1.4em\u00bb text_orientation=\u00bbcenter\u00bb custom_margin=\u00bb||30px||false\u00bb custom_margin_tablet=\u00bb||0px|\u00bb custom_margin_last_edited=\u00bbon|desktop\u00bb]<\/p>\n<p>Capacitaci\u00f3n<\/p>\n<h1>Auditor\u00edas y evaluaciones<\/h1>\n<p>[\/et_pb_text][et_pb_text _builder_version=\u00bb3.19.8&#8243; text_font=\u00bbShare Tech||||||||\u00bb text_font_size=\u00bb20px\u00bb text_font_size_phone=\u00bb16px\u00bb text_font_size_last_edited=\u00bbon|tablet\u00bb text_orientation=\u00bbcenter\u00bb custom_margin=\u00bb||\u00bb custom_padding=\u00bb||\u00bb]<\/p>\n<p style=\"text-align: left;\">Aprenda con nosotros a realizar auditor\u00edas y evaluaciones internas sobre la seguridad funcional. Presentamos distintos m\u00e9todos de ejecuci\u00f3n de las normas ISO 26262 e IEC 61508, no solo para el \u00e1mbito automotriz.<\/p>\n<p>[\/et_pb_text][et_pb_text admin_label=\u00bbAudit Text\u00bb _builder_version=\u00bb3.19.8&#8243; custom_margin=\u00bb0px||\u00bb custom_margin_last_edited=\u00bbon|desktop\u00bb custom_padding=\u00bb0px||5px\u00bb text_orientation=\u00bbleft\u00bb]<\/p>\n<p>Las auditor\u00edas y las evaluaciones internas de la seguridad funcional requieren que se eval\u00fae la documentaci\u00f3n existente. Esta documentaci\u00f3n debe ser conforme a ISO 26262 o IEC 61508. Conozca los distintos modos de abordar la evaluaci\u00f3n de la documentaci\u00f3n. Aproveche nuestra experiencia de varios a\u00f1os en la ejecuci\u00f3n de auditor\u00edas y evaluaciones sobre la base de las normas.<\/p>\n<p>Le presentamos nuestra experiencia que adquirimos por desarrollar esta actividad profesional, y las sugerencias sobre los problemas diarios durante la ejecuci\u00f3n y juntos realizamos una auditor\u00eda o una evaluaci\u00f3n con nuestras listas de control. Para eso, utilizamos distintos m\u00e9todos que usted aprender\u00e1 como parte de los ejercicios de la capacitaci\u00f3n.<\/p>\n<p>Le mostraremos c\u00f3mo se debe presentar el informe como resultado de una auditor\u00eda o evaluaciones y cu\u00e1les son los requisitos m\u00ednimos para elaborarlo. Tambi\u00e9n en este caso, le ofreceremos m\u00e9todos que hacen m\u00e1s eficiente la ejecuci\u00f3n de la actividad cotidiana. Entre estos se encuentran la reproducibilidad de los resultados como tambi\u00e9n las evaluaciones estad\u00edsticas.<\/p>\n<p>[\/et_pb_text][et_pb_button button_url=\u00bbmailto:buero@functional-safety-solutions-hamburg.com\u00bb button_text=\u00bbEnviar consulta\u00bb button_alignment=\u00bbcenter\u00bb _builder_version=\u00bb3.19.8&#8243; custom_margin=\u00bb70px||\u00bb custom_margin_tablet=\u00bb50px|||\u00bb custom_margin_phone=\u00bb20px||\u00bb custom_margin_last_edited=\u00bbon|phone\u00bb \/][\/et_pb_column][\/et_pb_row][\/et_pb_section][et_pb_section bb_built=\u00bb1&#8243; _builder_version=\u00bb3.20.1&#8243; background_color=\u00bbrgba(0,0,0,0.9)\u00bb custom_padding=\u00bb14px|0px|0|0px|false|false\u00bb saved_tabs=\u00bball\u00bb _i=\u00bb2&#8243; _address=\u00bb2&#8243; prev_background_color=\u00bb#ffffff\u00bb inner_width=\u00bbauto\u00bb inner_max_width=\u00bb1080px\u00bb global_module=\u00bb2732&#8243;][et_pb_row global_parent=\u00bb2732&#8243; _builder_version=\u00bb3.25&#8243; max_width=\u00bb80%\u00bb custom_padding=\u00bb|0px|0|0px|false|false\u00bb use_custom_width=\u00bbon\u00bb width_unit=\u00bboff\u00bb _i=\u00bb0&#8243; _address=\u00bb2.0&#8243; column_structure=\u00bb1_4,1_4,1_4,1_4&#8243;][et_pb_column type=\u00bb1_4&#8243; global_parent=\u00bb2732&#8243; _builder_version=\u00bb3.0.47&#8243; custom_padding=\u00bb|||\u00bb custom_padding__hover=\u00bb|||\u00bb _i=\u00bb0&#8243; _address=\u00bb2.0.0&#8243;][et_pb_blurb global_parent=\u00bb2732&#8243; title=\u00bbFSS\u00bb use_icon=\u00bbon\u00bb font_icon=\u00bb%%249%%\u00bb use_circle=\u00bbon\u00bb circle_color=\u00bb#ffffff\u00bb icon_placement=\u00bbleft\u00bb content_max_width=\u00bb1100px\u00bb use_icon_font_size=\u00bbon\u00bb icon_font_size=\u00bb20px\u00bb icon_font_size_last_edited=\u00bbon|phone\u00bb _builder_version=\u00bb3.19.8&#8243; header_level=\u00bbh1&#8243; header_font=\u00bbShare Tech|||||on|||\u00bb header_font_size=\u00bb20px\u00bb header_line_height=\u00bb1.2em\u00bb body_font=\u00bbOpen Sans||||||||\u00bb body_font_size=\u00bb12px\u00bb body_line_height=\u00bb1.8em\u00bb background_layout=\u00bbdark\u00bb custom_margin=\u00bb||\u00bb custom_margin_tablet=\u00bb0%||\u00bb custom_margin_last_edited=\u00bbon|desktop\u00bb custom_padding=\u00bb||||true|true\u00bb custom_padding_phone=\u00bb10px||10px||true\u00bb custom_padding_last_edited=\u00bbon|desktop\u00bb animation_style=\u00bbfold\u00bb animation_delay=\u00bb150ms\u00bb animation=\u00bboff\u00bb header_font_size_last_edited=\u00bbon|desktop\u00bb body_font_size_last_edited=\u00bbon|desktop\u00bb locked=\u00bboff\u00bb _i=\u00bb0&#8243; _address=\u00bb2.0.0.0&#8243;]<\/p>\n<p>Functional Safety Solutions Hamburg GmbH<\/p>\n<p>Georg-Clasen-Weg 16b<br \/>22415 Hamburg<br \/>Alemania<\/p>\n<\/p>\n<p>[\/et_pb_blurb][et_pb_blurb global_parent=\u00bb2732&#8243; title=\u00bbSalas de formaci\u00f3n\u00bb use_icon=\u00bbon\u00bb font_icon=\u00bb%%249%%\u00bb use_circle=\u00bbon\u00bb circle_color=\u00bb#ffffff\u00bb icon_placement=\u00bbleft\u00bb content_max_width=\u00bb1100px\u00bb use_icon_font_size=\u00bbon\u00bb icon_font_size=\u00bb20px\u00bb icon_font_size_last_edited=\u00bbon|phone\u00bb _builder_version=\u00bb3.19.8&#8243; header_level=\u00bbh1&#8243; header_font=\u00bbShare Tech|||||on|||\u00bb header_font_size=\u00bb20px\u00bb header_line_height=\u00bb1.2em\u00bb body_font=\u00bbOpen Sans||||||||\u00bb body_font_size=\u00bb12px\u00bb body_line_height=\u00bb1.8em\u00bb background_layout=\u00bbdark\u00bb max_width=\u00bb95%\u00bb max_width_last_edited=\u00bbon|desktop\u00bb custom_margin=\u00bb||\u00bb custom_margin_tablet=\u00bb0%||\u00bb custom_margin_last_edited=\u00bbon|desktop\u00bb custom_padding=\u00bb||||true|true\u00bb custom_padding_phone=\u00bb10px||10px||true\u00bb custom_padding_last_edited=\u00bbon|desktop\u00bb animation_style=\u00bbfold\u00bb animation_delay=\u00bb150ms\u00bb animation=\u00bboff\u00bb header_font_size_last_edited=\u00bbon|desktop\u00bb body_font_size_last_edited=\u00bbon|desktop\u00bb locked=\u00bboff\u00bb _i=\u00bb1&#8243; _address=\u00bb2.0.0.1&#8243;]<\/p>\n<p>FreiR\u00e4ume<\/p>\n<p>Gro\u00dfe Elbstra\u00dfe 38<br \/>22767 Hamburg<br \/>Alemania<\/p>\n<\/p>\n<p>[\/et_pb_blurb][\/et_pb_column][et_pb_column type=\u00bb1_4&#8243; global_parent=\u00bb2732&#8243; _builder_version=\u00bb3.0.47&#8243; custom_padding=\u00bb|||\u00bb custom_padding__hover=\u00bb|||\u00bb _i=\u00bb1&#8243; _address=\u00bb2.0.1&#8243;][et_pb_blurb global_parent=\u00bb2732&#8243; title=\u00bbE-Mail\u00bb use_icon=\u00bbon\u00bb font_icon=\u00bb%%238%%\u00bb use_circle=\u00bbon\u00bb circle_color=\u00bb#ffffff\u00bb icon_placement=\u00bbleft\u00bb use_icon_font_size=\u00bbon\u00bb icon_font_size=\u00bb20px\u00bb _builder_version=\u00bb3.19.8&#8243; header_level=\u00bbh2&#8243; header_font=\u00bbShare Tech|||||on|||\u00bb header_text_align=\u00bbleft\u00bb header_font_size=\u00bb20px\u00bb header_line_height=\u00bb1.2em\u00bb body_font=\u00bbOpen Sans||||||||\u00bb body_text_align=\u00bbleft\u00bb body_font_size=\u00bb12px\u00bb body_line_height=\u00bb1.8em\u00bb background_layout=\u00bbdark\u00bb custom_padding=\u00bb|||||true\u00bb animation_style=\u00bbfold\u00bb animation_delay=\u00bb150ms\u00bb animation=\u00bboff\u00bb body_font_size_last_edited=\u00bbon|phone\u00bb locked=\u00bboff\u00bb _i=\u00bb0&#8243; _address=\u00bb2.0.1.0&#8243;]<\/p>\n<p><span style=\"color: #ffffff;\"><a href=\"mailto:buero@functional-safety-solutions-hamburg.com\" style=\"color: #ffffff;\">buero@functional-safety-solutions-hamburg.com<\/a><\/span><\/p>\n<p>[\/et_pb_blurb][et_pb_blurb global_parent=\u00bb2732&#8243; title=\u00bbCall Us\u00bb use_icon=\u00bbon\u00bb font_icon=\u00bb%%264%%\u00bb use_circle=\u00bbon\u00bb circle_color=\u00bb#ffffff\u00bb icon_placement=\u00bbleft\u00bb use_icon_font_size=\u00bbon\u00bb icon_font_size=\u00bb20px\u00bb disabled_on=\u00bbon|on|on\u00bb _builder_version=\u00bb3.20.1&#8243; header_level=\u00bbh2&#8243; header_font=\u00bbShare Tech|||||on|||\u00bb header_text_align=\u00bbleft\u00bb header_font_size=\u00bb20px\u00bb header_line_height=\u00bb1.2em\u00bb body_font=\u00bbOpen Sans||||||||\u00bb body_text_align=\u00bbleft\u00bb body_font_size=\u00bb12px\u00bb body_line_height=\u00bb1.8em\u00bb background_layout=\u00bbdark\u00bb custom_padding=\u00bb|||||true\u00bb animation_style=\u00bbfold\u00bb animation_delay=\u00bb150ms\u00bb animation=\u00bboff\u00bb disabled=\u00bbon\u00bb locked=\u00bboff\u00bb _i=\u00bb1&#8243; _address=\u00bb2.0.1.1&#8243;]<\/p>\n<p><span style=\"color: #ffffff;\"><a style=\"color: #ffffff;\" href=\"tel:+494053050652\">+49 (0)40 530 506 52<\/a><\/span><\/p>\n<p>Lun &amp; Mi\u00e9rc: 9:30 &#8211; 12:30 Uhr<\/p>\n<p>[\/et_pb_blurb][\/et_pb_column][et_pb_column type=\u00bb1_4&#8243; global_parent=\u00bb2732&#8243; _builder_version=\u00bb3.0.47&#8243; custom_padding=\u00bb|||\u00bb custom_padding__hover=\u00bb|||\u00bb _i=\u00bb2&#8243; _address=\u00bb2.0.2&#8243;][et_pb_text global_parent=\u00bb2732&#8243; _builder_version=\u00bb3.27.4&#8243; header_font=\u00bbShare Tech|||||on|||\u00bb header_font_size=\u00bb20px\u00bb background_layout=\u00bbdark\u00bb header_font_size_last_edited=\u00bbon|phone\u00bb _i=\u00bb0&#8243; _address=\u00bb2.0.2.0&#8243;]<\/p>\n<h1>Men\u00fa<\/h1>\n<\/p>\n<p>[\/et_pb_text][et_pb_sidebar global_parent=\u00bb2732&#8243; area=\u00bbet_pb_widget_area_2&#8243; show_border=\u00bboff\u00bb _builder_version=\u00bb3.17.6&#8243; header_font=\u00bb||||||||\u00bb body_font=\u00bb||||||||\u00bb body_font_size=\u00bb12px\u00bb background_layout=\u00bbdark\u00bb custom_margin=\u00bb-40px||\u00bb custom_padding=\u00bb||\u00bb custom_css_main_element=\u00bb{padding-bottom: 0em} \u00bb _i=\u00bb1&#8243; _address=\u00bb2.0.2.1&#8243; \/][\/et_pb_column][et_pb_column type=\u00bb1_4&#8243; global_parent=\u00bb2732&#8243; _builder_version=\u00bb3.0.47&#8243; custom_padding=\u00bb|||0px\u00bb custom_padding__hover=\u00bb|||\u00bb _i=\u00bb3&#8243; _address=\u00bb2.0.3&#8243;][et_pb_sidebar global_parent=\u00bb2732&#8243; area=\u00bbet_pb_widget_area_9&#8243; show_border=\u00bboff\u00bb _builder_version=\u00bb3.19.8&#8243; header_font=\u00bbOpen Sans|600|||||||\u00bb header_text_align=\u00bbleft\u00bb header_text_color=\u00bb#ffffff\u00bb header_font_size=\u00bb15px\u00bb body_text_align=\u00bbleft\u00bb body_text_color=\u00bb#ffffff\u00bb body_font_size=\u00bb12px\u00bb text_orientation=\u00bbleft\u00bb background_layout=\u00bbdark\u00bb custom_margin=\u00bb||\u00bb custom_margin_tablet=\u00bb||0px\u00bb custom_margin_last_edited=\u00bbon|desktop\u00bb custom_padding=\u00bb|0px|0px|0px|false|true\u00bb header_font_size_phone=\u00bb14px\u00bb header_font_size_last_edited=\u00bbon|desktop\u00bb _i=\u00bb0&#8243; _address=\u00bb2.0.3.0&#8243; \/][\/et_pb_column][\/et_pb_row][\/et_pb_section]<\/p>\n","protected":false},"excerpt":{"rendered":"<p>Capacitaci\u00f3nAuditor\u00edas y evaluaciones Aprenda con nosotros a realizar auditor\u00edas y evaluaciones internas sobre la seguridad funcional. Presentamos distintos m\u00e9todos de ejecuci\u00f3n de las normas ISO 26262 e IEC 61508, no solo para el \u00e1mbito automotriz. Las auditor\u00edas y las evaluaciones internas de la seguridad funcional requieren que se eval\u00fae la documentaci\u00f3n existente. Esta documentaci\u00f3n debe [&hellip;]<\/p>\n","protected":false},"author":1,"featured_media":0,"parent":0,"menu_order":0,"comment_status":"closed","ping_status":"closed","template":"","meta":{"_et_pb_use_builder":"on","_et_pb_old_content":"","_et_gb_content_width":"","_locale":"es_ES","_original_post":"723","footnotes":""},"class_list":["post-2436","page","type-page","status-publish","hentry","es-ES"],"acf":[],"_links":{"self":[{"href":"https:\/\/functional-safety-solutions-hamburg.de\/wp-json\/wp\/v2\/pages\/2436","targetHints":{"allow":["GET"]}}],"collection":[{"href":"https:\/\/functional-safety-solutions-hamburg.de\/wp-json\/wp\/v2\/pages"}],"about":[{"href":"https:\/\/functional-safety-solutions-hamburg.de\/wp-json\/wp\/v2\/types\/page"}],"author":[{"embeddable":true,"href":"https:\/\/functional-safety-solutions-hamburg.de\/wp-json\/wp\/v2\/users\/1"}],"replies":[{"embeddable":true,"href":"https:\/\/functional-safety-solutions-hamburg.de\/wp-json\/wp\/v2\/comments?post=2436"}],"version-history":[{"count":6,"href":"https:\/\/functional-safety-solutions-hamburg.de\/wp-json\/wp\/v2\/pages\/2436\/revisions"}],"predecessor-version":[{"id":2881,"href":"https:\/\/functional-safety-solutions-hamburg.de\/wp-json\/wp\/v2\/pages\/2436\/revisions\/2881"}],"wp:attachment":[{"href":"https:\/\/functional-safety-solutions-hamburg.de\/wp-json\/wp\/v2\/media?parent=2436"}],"curies":[{"name":"wp","href":"https:\/\/api.w.org\/{rel}","templated":true}]}}